{"id":182,"date":"2019-08-28T12:32:43","date_gmt":"2019-08-28T12:32:43","guid":{"rendered":"http:\/\/docpulsecare.com\/?page_id=182"},"modified":"2025-07-05T21:12:21","modified_gmt":"2025-07-05T21:12:21","slug":"how-it-works-v2","status":"publish","type":"page","link":"https:\/\/docpulsecare.com\/en\/how-it-works-v2\/","title":{"rendered":"How It Works V2"},"content":{"rendered":"<div data-elementor-type=\"wp-post\" data-elementor-id=\"182\" class=\"elementor elementor-182\" data-elementor-post-type=\"page\">\n\t\t\t\t\t\t<section class=\"elementor-section elementor-top-section elementor-element elementor-element-5a14ac3 elementor-section-full_width elementor-section-height-default elementor-section-height-default\" data-id=\"5a14ac3\" data-element_type=\"section\">\n\t\t\t\t\t\t<div class=\"elementor-container elementor-column-gap-no\">\n\t\t\t\t\t<div class=\"elementor-column elementor-col-100 elementor-top-column elementor-element elementor-element-6e50b46\" data-id=\"6e50b46\" data-element_type=\"column\">\n\t\t\t<div class=\"elementor-widget-wrap elementor-element-populated\">\n\t\t\t\t\t\t<div class=\"elementor-element elementor-element-3370f00 elementor-widget elementor-widget-dc_element_how_worksv2\" data-id=\"3370f00\" data-element_type=\"widget\" data-widget_type=\"dc_element_how_worksv2.default\">\n\t\t\t\t<div class=\"elementor-widget-container\">\n\t\t\t\t\t\t\t\t<div class=\"dc-itsworkvtwov2 dynamic-secton-71434\">\r\n\t\t\t\t<div class=\"dc-howitswork\">\r\n\t\t\t\t\t<div class=\"dc-sectionhead dc-text-center\">\r\n\t\t\t\t\t\t\t\t\t\t\t\t\t<div class=\"dc-sectiontitle\">\r\n\t\t\t\t\t\t\t\t<h2>\r\n\t\t\t\t\t\t\t\t\t<span>Un processus simplifi\u00e9<\/span>\t\t\t\t\t\t\t\t\tHow to <em>register ?<\/em>\t\t\t\t\t\t\t\t<\/h2>\r\n\t\t\t\t\t\t\t<\/div>\r\n\t\t\t\t\t\t\t\t\t\t\t\t\t\t\t\t\t\t\t<div class=\"dc-description\"><p>Vous \u00eates un professionnel de sant\u00e9? Suivez le processus ci-dessous pour vous enregistrer sur le site facilement.<\/p><\/div>\r\n\t\t\t\t\t\t\t\t\t\t\t<\/div>\t\t\t\t\t\t\t\t\t\r\n\t\t\t\t<\/div>\r\n\t\t\t\t\t\t\t\t\t<div class=\"dc-workingtimeline\">\r\n\t\t\t\t\t\t<div class=\"main-timeline\">\r\n\t\t\t\t\t\t\t\t\t\t\t\t\t\t\t<div class=\"timeline\">\r\n\t\t\t\t\t\t\t\t\t<div class=\"timeline-icon\">\r\n\t\t\t\t\t\t\t\t\t<\/div>\r\n\t\t\t\t\t\t\t\t\t\t\t\t\t\t\t\t\t\t\t<div class=\"timeline-content float-right\">\r\n\t\t\t\t\t\t\t\t\t\t\t\t\t\t\t\t\t\t\t\t\t\t\t<div class=\"dc-title\">\r\n\t\t\t\t\t\t\t\t\t\t\t\t\t<h3>\r\n\t\t\t\t\t\t\t\t\t\t\t\t\t\t<span>Etape 01.<\/span>\t\t\t\t\t\t\t\t\t\t\t\t\t\tCr\u00e9er un compte\t\t\t\t\t\t\t\t\t\t\t\t\t<\/h3>\r\n\t\t\t\t\t\t\t\t\t\t\t\t<\/div>\r\n\t\t\t\t\t\t\t\t\t\t\t\t\t\t\t\t\t\t\t\t\t\t\t\t\t\t\t\t\t\t\t\t\t\t<div class=\"dc-description\"><p>Cliquez sur le bouton \"Rejoignez-nous maintenant afin de cr\u00e9er un nouveau compte\"<\/p><\/div>\r\n\t\t\t\t\t\t\t\t\t\t\t\t\t\t\t\t\t\t\t\t\t<\/div>\r\n\t\t\t\t\t\t\t\t\t\t\t\t\t\t\t\t\t\t\t\t\t\t\t\t\t\t\t\t<div class=\"timeline-content float-left\">\r\n\t\t\t\t\t\t\t\t\t\t\t<div class=\"dc-contentwithimg\">\r\n\t\t\t\t\t\t\t\t\t\t\t\t\t\t\t\t\t\t\t\t\t\t\t\t\t<span class=\"align-self-center\">01.<\/span>\t\t\t\t\t\t\t\t\t\t\t\t\t\t\t\t\t\t\t\t\t\t\t\t\t\t\t<figure><img decoding=\"async\" width=\"\" height=\"\" src=\"http:\/\/docpulsecare.com\/wp-content\/uploads\/2025\/07\/WhatsApp-Image-2025-06-26-a-21.45.15_80adca1a.jpg\" alt=\"Etape 01.\"><\/figure>\r\n\t\t\t\t\t\t\t\t\t\t\t\t\t\t\t\t\t\t\t\t\t\t\t\t\t\t\t\t\t\t\t\t\t\t\t\t<\/div>\r\n\t\t\t\t\t\t\t\t\t\t<\/div>\t\r\n\t\t\t\t\t\t\t\t\t\t\t\t\t\t\t\t\t\t\t\r\n\t\t\t\t\t\t\t\t<\/div>\r\n\t\t\t\t\t\t\t\t\t\t\t\t\t\t\t<div class=\"timeline\">\r\n\t\t\t\t\t\t\t\t\t<div class=\"timeline-icon\">\r\n\t\t\t\t\t\t\t\t\t<\/div>\r\n\t\t\t\t\t\t\t\t\t\t\t\t\t\t\t\t\t\t\t<div class=\"timeline-content float-left\">\r\n\t\t\t\t\t\t\t\t\t\t\t\t\t\t\t\t\t\t\t\t\t\t\t<div class=\"dc-title\">\r\n\t\t\t\t\t\t\t\t\t\t\t\t\t<h3>\r\n\t\t\t\t\t\t\t\t\t\t\t\t\t\t<span>Etape 02.<\/span>\t\t\t\t\t\t\t\t\t\t\t\t\t\tRemplir les informations\t\t\t\t\t\t\t\t\t\t\t\t\t<\/h3>\r\n\t\t\t\t\t\t\t\t\t\t\t\t<\/div>\r\n\t\t\t\t\t\t\t\t\t\t\t\t\t\t\t\t\t\t\t\t\t\t\t\t\t\t\t\t\t\t\t\t\t\t<div class=\"dc-description\"><p>Parcourez le formulaire et remplissez chaque champ avec vos informations, veuillez \u00e0 n'oublier aucun champ.\u00a0<\/p><\/div>\r\n\t\t\t\t\t\t\t\t\t\t\t\t\t\t\t\t\t\t\t\t\t<\/div>\r\n\t\t\t\t\t\t\t\t\t\t\t\t\t\t\t\t\t\t\t\t\t\t\t\t\t\t\t\t<div class=\"timeline-content float-right\">\r\n\t\t\t\t\t\t\t\t\t\t\t<div class=\"dc-contentwithimg\">\r\n\t\t\t\t\t\t\t\t\t\t\t\t\t\t\t\t\t\t\t\t\t\t\t\t\t\t\t\t\t\t\t\t\t\t\t\t\t\t\t<figure>\r\n\t\t\t\t\t\t\t\t\t\t\t\t\t\t\t<img decoding=\"async\" width=\"\" height=\"\" src=\"http:\/\/docpulsecare.com\/wp-content\/uploads\/2025\/07\/WhatsApp-Image-2025-06-26-a-21.45.13_249b6888.jpg\" alt=\"Etape 02.\">\r\n\t\t\t\t\t\t\t\t\t\t\t\t\t\t<\/figure>\r\n\t\t\t\t\t\t\t\t\t\t\t\t\t\t\t\t\t\t\t\t\t\t\t\t\t\t<span class=\"align-self-center\">02.<\/span>\t\t\t\t\t\t\t\t\t\t\t\t\t\t\t\t\t\t\t\t\t\t\t<\/div>\r\n\t\t\t\t\t\t\t\t\t\t<\/div>\t\r\n\t\t\t\t\t\t\t\t\t\t\t\t\t\t\t\t\t\t\t\r\n\t\t\t\t\t\t\t\t<\/div>\r\n\t\t\t\t\t\t\t\t\t\t\t\t\t\t\t<div class=\"timeline\">\r\n\t\t\t\t\t\t\t\t\t<div class=\"timeline-icon\">\r\n\t\t\t\t\t\t\t\t\t<\/div>\r\n\t\t\t\t\t\t\t\t\t\t\t\t\t\t\t\t\t\t\t<div class=\"timeline-content float-right\">\r\n\t\t\t\t\t\t\t\t\t\t\t\t\t\t\t\t\t\t\t\t\t\t\t<div class=\"dc-title\">\r\n\t\t\t\t\t\t\t\t\t\t\t\t\t<h3>\r\n\t\t\t\t\t\t\t\t\t\t\t\t\t\t<span>Etape 03.<\/span>\t\t\t\t\t\t\t\t\t\t\t\t\t\tAttendre la v\u00e9rification\t\t\t\t\t\t\t\t\t\t\t\t\t<\/h3>\r\n\t\t\t\t\t\t\t\t\t\t\t\t<\/div>\r\n\t\t\t\t\t\t\t\t\t\t\t\t\t\t\t\t\t\t\t\t\t\t\t\t\t\t\t\t\t\t\t\t\t\t<div class=\"dc-description\"><p>Une fois le formulaire envoy\u00e9, vous serez renvoy\u00e9 vers votre page d'administration, \u00e0 ce niveau, patientez en attendant qu'un administrateur valide votre compte. Cette action prends entre 6 et 24 heures.\u00a0<\/p><\/div>\r\n\t\t\t\t\t\t\t\t\t\t\t\t\t\t\t\t\t\t\t\t\t<\/div>\r\n\t\t\t\t\t\t\t\t\t\t\t\t\t\t\t\t\t\t\t\t\t\t\t\t\t\t\t\t<div class=\"timeline-content float-left\">\r\n\t\t\t\t\t\t\t\t\t\t\t<div class=\"dc-contentwithimg\">\r\n\t\t\t\t\t\t\t\t\t\t\t\t\t\t\t\t\t\t\t\t\t\t\t\t\t<span class=\"align-self-center\">03.<\/span>\t\t\t\t\t\t\t\t\t\t\t\t\t\t\t\t\t\t\t\t\t\t\t\t\t\t\t<figure><img decoding=\"async\" width=\"\" height=\"\" src=\"http:\/\/docpulsecare.com\/wp-content\/uploads\/2025\/07\/WhatsApp-Image-2025-06-26-a-21.45.12_a14405f7.jpg\" alt=\"Etape 03.\"><\/figure>\r\n\t\t\t\t\t\t\t\t\t\t\t\t\t\t\t\t\t\t\t\t\t\t\t\t\t\t\t\t\t\t\t\t\t\t\t\t<\/div>\r\n\t\t\t\t\t\t\t\t\t\t<\/div>\t\r\n\t\t\t\t\t\t\t\t\t\t\t\t\t\t\t\t\t\t\t\r\n\t\t\t\t\t\t\t\t<\/div>\r\n\t\t\t\t\t\t\t\t\t\t\t\t\t\t\t<div class=\"timeline\">\r\n\t\t\t\t\t\t\t\t\t<div class=\"timeline-icon\">\r\n\t\t\t\t\t\t\t\t\t<\/div>\r\n\t\t\t\t\t\t\t\t\t\t\t\t\t\t\t\t\t\t\t<div class=\"timeline-content float-left\">\r\n\t\t\t\t\t\t\t\t\t\t\t\t\t\t\t\t\t\t\t\t\t\t\t<div class=\"dc-title\">\r\n\t\t\t\t\t\t\t\t\t\t\t\t\t<h3>\r\n\t\t\t\t\t\t\t\t\t\t\t\t\t\t<span>Etape 04.<\/span>\t\t\t\t\t\t\t\t\t\t\t\t\t\tConnectez-vous\t\t\t\t\t\t\t\t\t\t\t\t\t<\/h3>\r\n\t\t\t\t\t\t\t\t\t\t\t\t<\/div>\r\n\t\t\t\t\t\t\t\t\t\t\t\t\t\t\t\t\t\t\t\t\t\t\t\t\t\t\t\t\t\t\t\t\t\t<div class=\"dc-description\"><p>Retournez sur le site internet, et connectez vous en cliquant sur le bouton \"Connexion\"<\/p><\/div>\r\n\t\t\t\t\t\t\t\t\t\t\t\t\t\t\t\t\t\t\t\t\t<\/div>\r\n\t\t\t\t\t\t\t\t\t\t\t\t\t\t\t\t\t\t\t\t\t\t\t\t\t\t\t\t<div class=\"timeline-content float-right\">\r\n\t\t\t\t\t\t\t\t\t\t\t<div class=\"dc-contentwithimg\">\r\n\t\t\t\t\t\t\t\t\t\t\t\t\t\t\t\t\t\t\t\t\t\t\t\t\t\t\t\t\t\t\t\t\t\t\t\t\t\t\t<figure>\r\n\t\t\t\t\t\t\t\t\t\t\t\t\t\t\t<img decoding=\"async\" width=\"\" height=\"\" src=\"http:\/\/docpulsecare.com\/wp-content\/uploads\/2025\/07\/WhatsApp-Image-2025-06-26-a-21.45.16_0d1b6cca.jpg\" alt=\"Etape 04.\">\r\n\t\t\t\t\t\t\t\t\t\t\t\t\t\t<\/figure>\r\n\t\t\t\t\t\t\t\t\t\t\t\t\t\t\t\t\t\t\t\t\t\t\t\t\t\t<span class=\"align-self-center\">04.<\/span>\t\t\t\t\t\t\t\t\t\t\t\t\t\t\t\t\t\t\t\t\t\t\t<\/div>\r\n\t\t\t\t\t\t\t\t\t\t<\/div>\t\r\n\t\t\t\t\t\t\t\t\t\t\t\t\t\t\t\t\t\t\t\r\n\t\t\t\t\t\t\t\t<\/div>\r\n\t\t\t\t\t\t\t\t\t\t\t\t\t\t\t<div class=\"timeline\">\r\n\t\t\t\t\t\t\t\t\t<div class=\"timeline-icon\">\r\n\t\t\t\t\t\t\t\t\t<\/div>\r\n\t\t\t\t\t\t\t\t\t\t\t\t\t\t\t\t\t\t\t<div class=\"timeline-content float-right\">\r\n\t\t\t\t\t\t\t\t\t\t\t\t\t\t\t\t\t\t\t\t\t\t\t<div class=\"dc-title\">\r\n\t\t\t\t\t\t\t\t\t\t\t\t\t<h3>\r\n\t\t\t\t\t\t\t\t\t\t\t\t\t\t<span>Etape 05.<\/span>\t\t\t\t\t\t\t\t\t\t\t\t\t\tCompl\u00e9tez votre profil\t\t\t\t\t\t\t\t\t\t\t\t\t<\/h3>\r\n\t\t\t\t\t\t\t\t\t\t\t\t<\/div>\r\n\t\t\t\t\t\t\t\t\t\t\t\t\t\t\t\t\t\t\t\t\t\t\t\t\t\t\t\t\t\t\t\t\t\t<div class=\"dc-description\"><p>A ce niveau, vous pouvez compl\u00e9tez vos informations en remplissant les parties \"Sp\u00e9cialit\u00e9s et services\" ainsi que \"Param\u00e8tres du profil\". Remplissez toutes les informations que vous jugez pertinentes.\u00a0<\/p><\/div>\r\n\t\t\t\t\t\t\t\t\t\t\t\t\t\t\t\t\t\t\t\t\t<\/div>\r\n\t\t\t\t\t\t\t\t\t\t\t\t\t\t\t\t\t\t\t\t\t\t\t\t\t\t\t\t<div class=\"timeline-content float-left\">\r\n\t\t\t\t\t\t\t\t\t\t\t<div class=\"dc-contentwithimg\">\r\n\t\t\t\t\t\t\t\t\t\t\t\t\t\t\t\t\t\t\t\t\t\t\t\t\t<span class=\"align-self-center\">05.<\/span>\t\t\t\t\t\t\t\t\t\t\t\t\t\t\t\t\t\t\t\t\t\t\t\t\t\t\t<figure><img decoding=\"async\" width=\"\" height=\"\" src=\"http:\/\/docpulsecare.com\/wp-content\/uploads\/2025\/07\/WhatsApp-Image-2025-06-26-a-21.45.11_46afd319.jpg\" alt=\"Etape 05.\"><\/figure>\r\n\t\t\t\t\t\t\t\t\t\t\t\t\t\t\t\t\t\t\t\t\t\t\t\t\t\t\t\t\t\t\t\t\t\t\t\t<\/div>\r\n\t\t\t\t\t\t\t\t\t\t<\/div>\t\r\n\t\t\t\t\t\t\t\t\t\t\t\t\t\t\t\t\t\t\t\r\n\t\t\t\t\t\t\t\t<\/div>\r\n\t\t\t\t\t\t\t\t\t\t\t\t\t\t\t<div class=\"timeline\">\r\n\t\t\t\t\t\t\t\t\t<div class=\"timeline-icon\">\r\n\t\t\t\t\t\t\t\t\t<\/div>\r\n\t\t\t\t\t\t\t\t\t\t\t\t\t\t\t\t\t\t\t<div class=\"timeline-content float-left\">\r\n\t\t\t\t\t\t\t\t\t\t\t\t\t\t\t\t\t\t\t\t\t\t\t<div class=\"dc-title\">\r\n\t\t\t\t\t\t\t\t\t\t\t\t\t<h3>\r\n\t\t\t\t\t\t\t\t\t\t\t\t\t\t<span>Etape 06.<\/span>\t\t\t\t\t\t\t\t\t\t\t\t\t\tV\u00e9rifiez votre profil\t\t\t\t\t\t\t\t\t\t\t\t\t<\/h3>\r\n\t\t\t\t\t\t\t\t\t\t\t\t<\/div>\r\n\t\t\t\t\t\t\t\t\t\t\t\t\t\t\t\t\t\t\t\t\t\t\t\t\t\t\t\t\t\t\t\t\t\t<div class=\"dc-description\"><p>Enfin, vous pouvez voir votre profil sur le site et v\u00e9rifiez si toutes vos informations sont correctement renseign\u00e9es. Pour le faire, faites simplement une recherche depuis le site \u00e0 partir de votre nom.\u00a0<\/p><\/div>\r\n\t\t\t\t\t\t\t\t\t\t\t\t\t\t\t\t\t\t\t\t\t<\/div>\r\n\t\t\t\t\t\t\t\t\t\t\t\t\t\t\t\t\t\t\t\t\t\t\t\t\t\t\t\t<div class=\"timeline-content float-right\">\r\n\t\t\t\t\t\t\t\t\t\t\t<div class=\"dc-contentwithimg\">\r\n\t\t\t\t\t\t\t\t\t\t\t\t\t\t\t\t\t\t\t\t\t\t\t\t\t\t\t\t\t\t\t\t\t\t\t\t\t\t<span class=\"align-self-center\">06.<\/span>\t\t\t\t\t\t\t\t\t\t\t\t\t\t\t\t\t\t\t\t\t\t\t<\/div>\r\n\t\t\t\t\t\t\t\t\t\t<\/div>\t\r\n\t\t\t\t\t\t\t\t\t\t\t\t\t\t\t\t\t\t\t\r\n\t\t\t\t\t\t\t\t<\/div>\r\n\t\t\t\t\t\t\t\t\t\t\t\t\t<\/div>\r\n\t\t\t\t\t\t\t\t\t\t\t\t\t<div class=\"dc-btnarea\">\r\n\t\t\t\t\t\t\t\t<a href=\"#\" class=\"dc-btn\">Rechercher<\/a>\r\n\t\t\t\t\t\t\t<\/div>\r\n\t\t\t\t\t\t\t\t\t\t\t<\/div>\r\n\t\t\t\t\t\t\t<\/div>\r\n\t\t\t\t\t\t<\/div>\n\t\t\t\t<\/div>\n\t\t\t\t\t<\/div>\n\t\t<\/div>\n\t\t\t\t\t<\/div>\n\t\t<\/section>\n\t\t\t\t<\/div>","protected":false},"excerpt":{"rendered":"<p>Un processus simplifi\u00e9 Comment s&#8217;enregistrer ? Vous \u00eates un professionnel de sant\u00e9? Suivez le processus ci-dessous pour vous enregistrer sur le site facilement. Etape 01. Cr\u00e9er un compte Cliquez sur le bouton &#8220;Rejoignez-nous maintenant afin de cr\u00e9er un nouveau compte&#8221; 01. Etape 02. Remplir les informations Parcourez le formulaire et remplissez chaque champ avec vos&#8230;.<\/p>","protected":false},"author":1,"featured_media":-1,"parent":0,"menu_order":0,"comment_status":"closed","ping_status":"closed","template":"","meta":{"footnotes":""},"class_list":["post-182","page","type-page","status-publish","has-post-thumbnail","hentry"],"_links":{"self":[{"href":"https:\/\/docpulsecare.com\/en\/wp-json\/wp\/v2\/pages\/182","targetHints":{"allow":["GET"]}}],"collection":[{"href":"https:\/\/docpulsecare.com\/en\/wp-json\/wp\/v2\/pages"}],"about":[{"href":"https:\/\/docpulsecare.com\/en\/wp-json\/wp\/v2\/types\/page"}],"author":[{"embeddable":true,"href":"https:\/\/docpulsecare.com\/en\/wp-json\/wp\/v2\/users\/1"}],"replies":[{"embeddable":true,"href":"https:\/\/docpulsecare.com\/en\/wp-json\/wp\/v2\/comments?post=182"}],"version-history":[{"count":34,"href":"https:\/\/docpulsecare.com\/en\/wp-json\/wp\/v2\/pages\/182\/revisions"}],"predecessor-version":[{"id":2078,"href":"https:\/\/docpulsecare.com\/en\/wp-json\/wp\/v2\/pages\/182\/revisions\/2078"}],"wp:featuredmedia":[{"embeddable":true,"href":"https:\/\/docpulsecare.com\/en\/wp-json\/"}],"wp:attachment":[{"href":"https:\/\/docpulsecare.com\/en\/wp-json\/wp\/v2\/media?parent=182"}],"curies":[{"name":"wp","href":"https:\/\/api.w.org\/{rel}","templated":true}]}}