{"id":201,"date":"2019-08-29T05:31:57","date_gmt":"2019-08-29T05:31:57","guid":{"rendered":"http:\/\/docpulsecare.com\/?page_id=201"},"modified":"2025-05-26T19:09:07","modified_gmt":"2025-05-26T19:09:07","slug":"contact-us","status":"publish","type":"page","link":"https:\/\/docpulsecare.com\/en\/contact-us\/","title":{"rendered":"Contact us"},"content":{"rendered":"<div data-elementor-type=\"wp-post\" data-elementor-id=\"201\" class=\"elementor elementor-201\" data-elementor-post-type=\"page\">\n\t\t\t\t\t\t<section class=\"elementor-section elementor-top-section elementor-element elementor-element-b55fd66 elementor-section-stretched elementor-section-full_width elementor-section-height-default elementor-section-height-default\" data-id=\"b55fd66\" data-element_type=\"section\" data-settings=\"{&quot;stretch_section&quot;:&quot;section-stretched&quot;}\">\n\t\t\t\t\t\t<div class=\"elementor-container elementor-column-gap-no\">\n\t\t\t\t\t<div class=\"elementor-column elementor-col-100 elementor-top-column elementor-element elementor-element-6d82cca\" data-id=\"6d82cca\" data-element_type=\"column\">\n\t\t\t<div class=\"elementor-widget-wrap elementor-element-populated\">\n\t\t\t\t\t\t<div class=\"elementor-element elementor-element-fa1444e elementor-widget elementor-widget-dc_element_easy_steps\" data-id=\"fa1444e\" data-element_type=\"widget\" data-widget_type=\"dc_element_easy_steps.default\">\n\t\t\t\t<div class=\"elementor-widget-container\">\n\t\t\t\t\t\t\t\t<div class=\"dc-aboutstep dc-easy-steps dc-haslayout dynamic-secton-418533\">\r\n\t\t\t\t<div class=\"container\">\r\n\t\t\t\t\t<div class=\"row justify-content-center align-self-center\">\r\n\t\t\t\t\t\t\t\t\t\t\t\t\t<div class=\"col-xs-12 col-sm-12 col-md-8 push-md-2 col-lg-8 push-lg-2\">\r\n\t\t\t\t\t\t\t\t<div class=\"dc-sectionhead dc-text-center\">\r\n\t\t\t\t\t\t\t\t\t\t\t\t\t\t\t\t\t\t\t<div class=\"dc-sectiontitle\">\r\n\t\t\t\t\t\t\t\t\t\t\t<h2>\r\n\t\t\t\t\t\t\t\t\t\t\t\t<span>Contact us<\/span>\r\n\t\t\t\t\t\t\t\t\t\t\t\tWe are ready <em>to serve you<\/em>\t\t\t\t\t\t\t\t\t\t\t<\/h2>\r\n\t\t\t\t\t\t\t\t\t\t<\/div>\r\n\t\t\t\t\t\t\t\t\t\t\t\t\t\t\t\t\t\t\t\t\t\t\t\t\t\t\t\t<div class=\"dc-description\"><p class=\"translation-block\" data-start=\"156\" data-end=\"376\">At Docpulsecare, our priority is to provide you with quality medical service. We are available to answer all your questions and help you find the best solution for your healthcare needs.<\/p><h4 class=\"\" data-start=\"378\" data-end=\"430\">\u00a0<\/h4><\/div>\r\n\t\t\t\t\t\t\t\t\t\t\t\t\t\t\t\t\t<\/div>\r\n\t\t\t\t\t\t\t<\/div>\r\n\t\t\t\t\t\t\t\t\t\t\t\t\t\t\t\t\t\t\t<div class=\"dc-welcome-holder dc-bksteps\">\r\n\t\t\t\t\t\t\t\t\t\t\t\t\t\t\t\t\t<div class=\"col-xs-12 col-sm-12 col-md-6 col-lg-4 float-left\">\r\n\t\t\t\t\t\t\t\t\t\t<div class=\"dc-welcomecontent\">\r\n\t\t\t\t\t\t\t\t\t\t\t\t\t\t\t\t\t\t\t\t\t\t\t<figure class=\"dc-welcomeimg\"><img decoding=\"async\" width=\"\" height=\"\" src=\"http:\/\/docpulsecare.com\/wp-content\/uploads\/2025\/04\/img-01-1.jpg\" alt=\"Vous avez une question d&#039;ordre g\u00e9n\u00e9ral ?\"><\/figure>\r\n\t\t\t\t\t\t\t\t\t\t\t\t\t\t\t\t\t\t\t\t\t\t\t\t\t\t\t\t\t\t\t\t\t\t\t<div class=\"dc-title\">\r\n\t\t\t\t\t\t\t\t\t\t\t\t\t<h3><span>Do you have a general question?<\/span>+49 179 8854350<\/h3>\r\n\t\t\t\t\t\t\t\t\t\t\t\t<\/div>\r\n\t\t\t\t\t\t\t\t\t\t\t\t\t\t\t\t\t\t\t\t\t\t\t\t\t\t\t\t\t\t\t\t\t\t<div class=\"dc-description\"><p class=\"\" data-start=\"431\" data-end=\"585\">We are here to answer all your questions. Call us for a quick consultation or any other inquiries.<\/p><h4 class=\"\" data-start=\"587\" data-end=\"621\">\u00a0<\/h4><\/div>\r\n\t\t\t\t\t\t\t\t\t\t\t\t\t\t\t\t\t\t\t\t\t<\/div>\r\n\t\t\t\t\t\t\t\t\t<\/div>\r\n\t\t\t\t\t\t\t\t\t\t\t\t\t\t\t\t\t<div class=\"col-xs-12 col-sm-12 col-md-6 col-lg-4 float-left\">\r\n\t\t\t\t\t\t\t\t\t\t<div class=\"dc-welcomecontent\">\r\n\t\t\t\t\t\t\t\t\t\t\t\t\t\t\t\t\t\t\t\t\t\t\t<figure class=\"dc-welcomeimg\"><img decoding=\"async\" width=\"\" height=\"\" src=\"http:\/\/docpulsecare.com\/wp-content\/uploads\/2025\/04\/img-03.jpg\" alt=\"Vous avez une question d&#039;ordre technique ?\"><\/figure>\r\n\t\t\t\t\t\t\t\t\t\t\t\t\t\t\t\t\t\t\t\t\t\t\t\t\t\t\t\t\t\t\t\t\t\t\t<div class=\"dc-title\">\r\n\t\t\t\t\t\t\t\t\t\t\t\t\t<h3><span>Do you have a technical question?<\/span>+237 650 459 238<\/h3>\r\n\t\t\t\t\t\t\t\t\t\t\t\t<\/div>\r\n\t\t\t\t\t\t\t\t\t\t\t\t\t\t\t\t\t\t\t\t\t\t\t\t\t\t\t\t\t\t\t\t\t\t<div class=\"dc-description\"><p class=\"\" data-start=\"819\" data-end=\"1005\">If you have any problems navigating the site, any bugs or any other problems\/suggestions related to the functioning of the platform, please contact us.\u00a0<\/p><\/div>\r\n\t\t\t\t\t\t\t\t\t\t\t\t\t\t\t\t\t\t\t\t\t<\/div>\r\n\t\t\t\t\t\t\t\t\t<\/div>\r\n\t\t\t\t\t\t\t\t\t\t\t\t\t\t\t\t\t<div class=\"col-xs-12 col-sm-12 col-md-6 col-lg-4 float-left\">\r\n\t\t\t\t\t\t\t\t\t\t<div class=\"dc-welcomecontent\">\r\n\t\t\t\t\t\t\t\t\t\t\t\t\t\t\t\t\t\t\t\t\t\t\t<figure class=\"dc-welcomeimg\"><img decoding=\"async\" width=\"\" height=\"\" src=\"http:\/\/docpulsecare.com\/wp-content\/uploads\/2025\/04\/img-02-1.jpg\" alt=\"Envoyez-nous un message\"><\/figure>\r\n\t\t\t\t\t\t\t\t\t\t\t\t\t\t\t\t\t\t\t\t\t\t\t\t\t\t\t\t\t\t\t\t\t\t\t<div class=\"dc-title\">\r\n\t\t\t\t\t\t\t\t\t\t\t\t\t<h3><span>Send us a message<\/span>info@docpulsecare.com<\/h3>\r\n\t\t\t\t\t\t\t\t\t\t\t\t<\/div>\r\n\t\t\t\t\t\t\t\t\t\t\t\t\t\t\t\t\t\t\t\t\t\t\t\t\t\t\t\t\t\t\t\t\t\t<div class=\"dc-description\"><p class=\"\" data-start=\"622\" data-end=\"778\">If you prefer to write to us, please feel free to send us an email and our team will respond to you as soon as possible.<\/p><h4 class=\"\" data-start=\"780\" data-end=\"818\">\u00a0<\/h4><\/div>\r\n\t\t\t\t\t\t\t\t\t\t\t\t\t\t\t\t\t\t\t\t\t<\/div>\r\n\t\t\t\t\t\t\t\t\t<\/div>\r\n\t\t\t\t\t\t\t\t\t\t\t\t\t\t\t<\/div>\r\n\t\t\t\t\t\t\t\t\t\t\t<\/div>\r\n\t\t\t\t<\/div>\r\n\t\t\t<\/div>\r\n\t\t\t\t\t\t<\/div>\n\t\t\t\t<\/div>\n\t\t\t\t\t<\/div>\n\t\t<\/div>\n\t\t\t\t\t<\/div>\n\t\t<\/section>\n\t\t\t\t<section class=\"elementor-section elementor-top-section elementor-element elementor-element-ea4ab33 elementor-section-stretched elementor-section-boxed elementor-section-height-default elementor-section-height-default\" data-id=\"ea4ab33\" data-element_type=\"section\" data-settings=\"{&quot;stretch_section&quot;:&quot;section-stretched&quot;,&quot;background_background&quot;:&quot;classic&quot;}\">\n\t\t\t\t\t\t<div class=\"elementor-container elementor-column-gap-no\">\n\t\t\t\t\t<div class=\"elementor-column elementor-col-100 elementor-top-column elementor-element elementor-element-4056f06\" data-id=\"4056f06\" data-element_type=\"column\">\n\t\t\t<div class=\"elementor-widget-wrap elementor-element-populated\">\n\t\t\t\t\t\t<div class=\"elementor-element elementor-element-414fe89 elementor-widget elementor-widget-dc_element_online_help\" data-id=\"414fe89\" data-element_type=\"widget\" data-widget_type=\"dc_element_online_help.default\">\n\t\t\t\t<div class=\"elementor-widget-container\">\n\t\t\t\t\t\t\t\t<div class=\"text-center dc-querycontent dynamic-secton-896930\">\r\n\t\t\t\t<div class=\"container\">\r\n\t\t\t\t\t<div class=\"row justify-content-center\">\r\n\t\t\t\t\t\t<div class=\"col-12 col-sm-12 col-md-12 col-lg-8\">\t\r\n\t\t\t\t\t\t\t\t\t\t\t\t\r\n\t\t\t\t\t\t\t\t<div class=\"dc-sectionhead dc-sectionheadvtwo\">\r\n\t\t\t\t\t\t\t\t\t\t\t\t\t\t\t\t\t\t\t<div class=\"dc-sectiontitle\">\r\n\t\t\t\t\t\t\t\t\t\t\t<h2>\r\n\t\t\t\t\t\t\t\t\t\t\t\tHave A Query?\t\t\t\t\t\t\t\t\t\t\t\t<span>Ask For Free Online Help<\/span>\t\t\t\t\t\t\t\t\t\t\t<\/h2>\r\n\t\t\t\t\t\t\t\t\t\t<\/div>\r\n\t\t\t\t\t\t\t\t\t\t\t\t\t\t\t\t\t\t\t\t\t\t\t\t\t\t\t\t<div class=\"dc-description\"><p class=\"\" data-start=\"199\" data-end=\"396\">If you have any health questions, our team of experts is here to help you, free of charge and quickly. Take advantage of our online consultation service to get reliable answers.<\/p><\/div>\r\n\t\t\t\t\t\t\t\t\t\t\t\t\t\t\t\t\t<\/div>\r\n\t\t\t\t\t\t\t\t\t\t\t\t\t\t\t\t\t\t\t\t\t\t<div class=\"dc-btnarea d-flex justify-content-center\">\r\n\t\t\t\t\t\t\t\t\t\t\t\t\t\t\t\t\t\t\t<a href=\"http:\/\/docpulsecare.com\/en\/health-forum\/\" class=\"dc-btn dc-btnactive\">View question<\/a>\r\n\t\t\t\t\t\t\t\t\t\t\t\t\t\t\t\t\t\t\t\t\t\t\t\t\t\t\t\t<a href=\"http:\/\/docpulsecare.com\/en\/health-forum\/mouth-open-while-sleeping\/\" class=\"dc-btn\">Ask your question<\/a>\r\n\t\t\t\t\t\t\t\t\t\t\t\t\t\t\t\t\t<\/div>\r\n\t\t\t\t\t\t\t\t\t\t\t\t\t\t\t\t\t\t\t\t\t\t<figure class=\"dc-queryimg\">\r\n\t\t\t\t\t\t\t\t\t<img decoding=\"async\" width=\"\" height=\"\" src=\"http:\/\/docpulsecare.com\/wp-content\/uploads\/2025\/04\/phoneagain.png\" alt=\"\">\r\n\t\t\t\t\t\t\t\t<\/figure>\r\n\t\t\t\t\t\t\t\t\t\t\t\t\t<\/div>\r\n\t\t\t\t\t<\/div>\t\t\t\t\r\n\t\t\t\t<\/div>\r\n\t\t\t<\/div>\r\n\t\t\t\t\t\t<\/div>\n\t\t\t\t<\/div>\n\t\t\t\t\t<\/div>\n\t\t<\/div>\n\t\t\t\t\t<\/div>\n\t\t<\/section>\n\t\t\t\t<section class=\"elementor-section elementor-top-section elementor-element elementor-element-d43cf57 elementor-section-stretched elementor-section-boxed elementor-section-height-default elementor-section-height-default\" data-id=\"d43cf57\" data-element_type=\"section\" data-settings=\"{&quot;stretch_section&quot;:&quot;section-stretched&quot;}\">\n\t\t\t\t\t\t<div class=\"elementor-container elementor-column-gap-extended\">\n\t\t\t\t\t<div class=\"elementor-column elementor-col-100 elementor-top-column elementor-element elementor-element-f6eabc3\" data-id=\"f6eabc3\" data-element_type=\"column\">\n\t\t\t<div class=\"elementor-widget-wrap elementor-element-populated\">\n\t\t\t\t\t\t<div class=\"elementor-element elementor-element-048bc41 elementor-widget elementor-widget-dc_element_contact_us_form\" data-id=\"048bc41\" data-element_type=\"widget\" data-widget_type=\"dc_element_contact_us_form.default\">\n\t\t\t\t<div class=\"elementor-widget-container\">\n\t\t\t\t\t\t\t\t<div class=\"dc-haslayout-v1 dc contact-form\">\r\n\t\t\t\t\t\t\t\t\t<div class=\"row justify-content-center dynamic-secton-639692\">\r\n\t\t\t\t\t\t<div class=\"col-12 col-sm-12 col-md-12 col-lg-8\">\r\n\t\t\t\t\t\t\t<div class=\"dc-sectionhead dc-text-center dc-pnone\">\r\n\t\t\t\t\t\t\t\t\t\t\t\t\t\t\t\t\t<div class=\"dc-sectiontitle\">\r\n\t\t\t\t\t\t\t\t\t\t<h2>\r\n\t\t\t\t\t\t\t\t\t\t\t<span>Contact us!<\/span>\t\t\t\t\t\t\t\t\t\t\tEnter your information and <em>ask your question :<\/em>\t\t\t\t\t\t\t\t\t\t<\/h2>\r\n\t\t\t\t\t\t\t\t\t<\/div>\r\n\t\t\t\t\t\t\t\t\t\t\t\t\t\t\t\t\t\t\t\t\t\t\t\t\t<div class=\"dc-description\"><p class=\"\" data-start=\"128\" data-end=\"398\">We're always here to help. If you have any questions or need more information, please feel free to contact us by filling out the form below. We'll be happy to respond to your request as soon as possible.<\/p><p class=\"\" data-start=\"400\" data-end=\"453\">\u00a0<\/p><\/div>\r\n\t\t\t\t\t\t\t\t\t\t\t\t\t\t\t<\/div>\r\n\t\t\t\t\t\t\t\t\t\t\t\t\t\t\t<div class=\"dc-form dc-floatclear dc-form-first\">\n<div class=\"wpcf7 no-js\" id=\"wpcf7-f219-o1\" lang=\"en-US\" dir=\"ltr\" data-wpcf7-id=\"219\">\n<div class=\"screen-reader-response\"><p role=\"status\" aria-live=\"polite\" aria-atomic=\"true\"><\/p> <ul><\/ul><\/div>\n<form action=\"\/en\/wp-json\/wp\/v2\/pages\/201#wpcf7-f219-o1\" method=\"post\" class=\"wpcf7-form init\" aria-label=\"Contact form\" novalidate=\"novalidate\" data-status=\"init\" data-trp-original-action=\"\/en\/wp-json\/wp\/v2\/pages\/201#wpcf7-f219-o1\">\n<fieldset class=\"hidden-fields-container\"><input type=\"hidden\" name=\"_wpcf7\" value=\"219\" \/><input type=\"hidden\" name=\"_wpcf7_version\" value=\"6.1.1\" \/><input type=\"hidden\" name=\"_wpcf7_locale\" value=\"en_US\" \/><input type=\"hidden\" name=\"_wpcf7_unit_tag\" value=\"wpcf7-f219-o1\" \/><input type=\"hidden\" name=\"_wpcf7_container_post\" value=\"0\" \/><input type=\"hidden\" name=\"_wpcf7_posted_data_hash\" value=\"\" \/>\n<\/fieldset>\n<div class=\"form-row\">\n\t<div class=\"form-group col-12 col-sm-6\">\n\t\t<p><span class=\"wpcf7-form-control-wrap\" data-name=\"text-621\"><input size=\"40\" maxlength=\"400\" class=\"wpcf7-form-control wpcf7-text wpcf7-validates-as-required form-control\" aria-required=\"true\" aria-invalid=\"false\" placeholder=\"Your Name*\" value=\"\" type=\"text\" name=\"text-621\" \/><\/span>\n\t\t<\/p>\n\t<\/div>\n\t<div class=\"form-group col-12 col-sm-6\">\n\t\t<p><span class=\"wpcf7-form-control-wrap\" data-name=\"email-322\"><input size=\"40\" maxlength=\"400\" class=\"wpcf7-form-control wpcf7-email wpcf7-validates-as-required wpcf7-text wpcf7-validates-as-email form-control\" aria-required=\"true\" aria-invalid=\"false\" placeholder=\"Your Email*\" value=\"\" type=\"email\" name=\"email-322\" \/><\/span>\n\t\t<\/p>\n\t<\/div>\n<\/div>\n<div class=\"form-group\">\n\t<p><span class=\"wpcf7-form-control-wrap\" data-name=\"textarea-718\"><textarea cols=\"40\" rows=\"10\" maxlength=\"2000\" class=\"wpcf7-form-control wpcf7-textarea wpcf7-validates-as-required form-control\" aria-required=\"true\" aria-invalid=\"false\" placeholder=\"Type Your Query*\" name=\"textarea-718\"><\/textarea><\/span>\n\t<\/p>\n<\/div>\n<p><input class=\"wpcf7-form-control wpcf7-submit has-spinner btn dc-btns btn-block dc-btnactive\" type=\"submit\" value=\"Send Now\" \/>\n<\/p><p style=\"display: none !important;\" class=\"akismet-fields-container\" data-prefix=\"_wpcf7_ak_\"><label>&#916;<textarea name=\"_wpcf7_ak_hp_textarea\" cols=\"45\" rows=\"8\" maxlength=\"100\"><\/textarea><\/label><input type=\"hidden\" id=\"ak_js_1\" name=\"_wpcf7_ak_js\" value=\"224\"\/><script>document.getElementById( \"ak_js_1\" ).setAttribute( \"value\", ( new Date() ).getTime() );<\/script><\/p><div class=\"wpcf7-response-output\" aria-hidden=\"true\"><\/div>\n<input type=\"hidden\" name=\"trp-form-language\" value=\"en\"\/><\/form>\n<\/div>\n <\/div>\t\r\n\t\t\t\t\t\t\t\t\t\t\t\t\t\r\n\t\t\t\t\t\t<\/div>\r\n\t\t\t\t\t<\/div>\r\n\t\t\t\t\t\t\t<\/div>\r\n\t\t\t\t\t\t<\/div>\n\t\t\t\t<\/div>\n\t\t\t\t\t<\/div>\n\t\t<\/div>\n\t\t\t\t\t<\/div>\n\t\t<\/section>\n\t\t\t\t<\/div>","protected":false},"excerpt":{"rendered":"<p>Contactez-nous Nous sommes pr\u00eats \u00e0 vous servir Chez Docpulsecare, notre priorit\u00e9 est de vous fournir un service m\u00e9dical de qualit\u00e9. Nous sommes disponibles pour r\u00e9pondre \u00e0 toutes vos questions et vous aider \u00e0 trouver la meilleure solution pour vos besoins de sant\u00e9. \u00a0 Vous avez une question d&#039;ordre g\u00e9n\u00e9ral ?+49 179 8854350 Nous sommes l\u00e0&#8230;.<\/p>","protected":false},"author":1,"featured_media":-1,"parent":0,"menu_order":0,"comment_status":"closed","ping_status":"closed","template":"","meta":{"footnotes":""},"class_list":["post-201","page","type-page","status-publish","has-post-thumbnail","hentry"],"_links":{"self":[{"href":"https:\/\/docpulsecare.com\/en\/wp-json\/wp\/v2\/pages\/201","targetHints":{"allow":["GET"]}}],"collection":[{"href":"https:\/\/docpulsecare.com\/en\/wp-json\/wp\/v2\/pages"}],"about":[{"href":"https:\/\/docpulsecare.com\/en\/wp-json\/wp\/v2\/types\/page"}],"author":[{"embeddable":true,"href":"https:\/\/docpulsecare.com\/en\/wp-json\/wp\/v2\/users\/1"}],"replies":[{"embeddable":true,"href":"https:\/\/docpulsecare.com\/en\/wp-json\/wp\/v2\/comments?post=201"}],"version-history":[{"count":62,"href":"https:\/\/docpulsecare.com\/en\/wp-json\/wp\/v2\/pages\/201\/revisions"}],"predecessor-version":[{"id":1956,"href":"https:\/\/docpulsecare.com\/en\/wp-json\/wp\/v2\/pages\/201\/revisions\/1956"}],"wp:featuredmedia":[{"embeddable":true,"href":"https:\/\/docpulsecare.com\/en\/wp-json\/"}],"wp:attachment":[{"href":"https:\/\/docpulsecare.com\/en\/wp-json\/wp\/v2\/media?parent=201"}],"curies":[{"name":"wp","href":"https:\/\/api.w.org\/{rel}","templated":true}]}}